{"id":160,"date":"2023-01-15T19:53:28","date_gmt":"2023-01-15T19:53:28","guid":{"rendered":"https:\/\/legno2.com\/?page_id=160"},"modified":"2023-01-15T20:11:53","modified_gmt":"2023-01-15T20:11:53","slug":"about","status":"publish","type":"page","link":"https:\/\/legno2.com\/index.php\/about\/","title":{"rendered":"P\u00cbR NE"},"content":{"rendered":"\n<p>P\u00ebrshkrimi Kompanis\u00eb<\/p>\n\n\n\n<p>Kompania <strong>Legno<\/strong> \u00ebsht\u00eb kompani e cila ofron\u00eb produkte specifike p\u00ebr kuzhina dhe banjo&nbsp; t\u00eb projektura me profesionaliz\u00ebm dhe dizajne specifike gjdo her\u00eb n\u00eb hap\u00eb me koh\u00ebn dhe trendet bot\u00ebrore,\u00ebsht\u00eb mark\u00eb nd\u00ebrkomb\u00ebtarisht e njohur e cila vepron\u00eb n\u00eb tregun vendor dhe nderkomb\u00ebtar.<\/p>\n\n\n\n<p><strong>Legno<\/strong> \u00ebsht\u00eb pjes\u00eb e rrjetit t\u00eb kompanive <strong>Creativa 3H Group.<\/strong><\/p>\n\n\n\n<p>Produktet e ofruara punohen me teknologjin\u00eb e fundit dhe me nj\u00eb p\u00ebrkushtim maximal nga stafi projektues dhe prodhues,t\u00eb cilat trajtohen dhe p\u00ebrgatiten me nj\u00eb p\u00ebrkushtim maximal q\u00eb t\u00eb arrijn\u00eb deri te klienti.<\/p>\n\n\n\n<p>Metodat dhe mekanizmat e p\u00ebrdorura n\u00eb produktet jan\u00eb n\u00eb p\u00ebrputhsm\u00ebri me &nbsp;markat m\u00eb t\u00eb njohura globale dhe p\u00ebrmbushin t\u00eb gjitha standardet nd\u00ebrkomb\u00ebtare.<\/p>\n\n\n\n<p><strong>Misioni:<\/strong><\/p>\n\n\n\n<p>Shtimi i vazhduesh\u00ebm i vlerave duke u angazhuar n\u00eb ofrimin e sh\u00ebrbimeve profesionale duke integruar potencialin shoq\u00ebror dhe njerzor me njohurit\u00eb profesionale p\u00ebr t\u00eb ofruar t\u00eb mira pronarve, bashkpuntor\u00ebve dhe klient\u00ebve.<\/p>\n\n\n\n<p><strong>Vizioni:<\/strong><\/p>\n\n\n\n<p>T\u00eb jemi&nbsp; kompani e cila do t\u00eb ofron\u00eb sh\u00ebrbime profesionale p\u00ebr klient\u00ebt me metoda dhe mjete q\u00eb \u00e7do her\u00eb t\u00eb gjejn\u00eb zgjidhjen m\u00eb t\u00eb mir\u00eb &nbsp;n\u00eb \u00e7do koh\u00eb dhe vend ku k\u00ebrkohet n\u00eb bot\u00eb.<\/p>\n","protected":false},"excerpt":{"rendered":"<p>P\u00ebrshkrimi Kompanis\u00eb Kompania Legno \u00ebsht\u00eb kompani e cila ofron\u00eb produkte specifike p\u00ebr kuzhina dhe banjo&nbsp; t\u00eb projektura me profesionaliz\u00ebm dhe dizajne specifike gjdo her\u00eb n\u00eb hap\u00eb me koh\u00ebn dhe trendet bot\u00ebrore,\u00ebsht\u00eb mark\u00eb nd\u00ebrkomb\u00ebtarisht e njohur e cila vepron\u00eb n\u00eb tregun vendor dhe nderkomb\u00ebtar. Legno \u00ebsht\u00eb pjes\u00eb e rrjetit t\u00eb kompanive Creativa 3H Group. Produktet e [&hellip;]<\/p>\n","protected":false},"author":1,"featured_media":0,"parent":0,"menu_order":0,"comment_status":"closed","ping_status":"closed","template":"","meta":{"om_disable_all_campaigns":false,"_monsterinsights_skip_tracking":false,"_monsterinsights_sitenote_active":false,"_monsterinsights_sitenote_note":"","_monsterinsights_sitenote_category":0},"aioseo_notices":[],"_links":{"self":[{"href":"https:\/\/legno2.com\/index.php\/wp-json\/wp\/v2\/pages\/160"}],"collection":[{"href":"https:\/\/legno2.com\/index.php\/wp-json\/wp\/v2\/pages"}],"about":[{"href":"https:\/\/legno2.com\/index.php\/wp-json\/wp\/v2\/types\/page"}],"author":[{"embeddable":true,"href":"https:\/\/legno2.com\/index.php\/wp-json\/wp\/v2\/users\/1"}],"replies":[{"embeddable":true,"href":"https:\/\/legno2.com\/index.php\/wp-json\/wp\/v2\/comments?post=160"}],"version-history":[{"count":5,"href":"https:\/\/legno2.com\/index.php\/wp-json\/wp\/v2\/pages\/160\/revisions"}],"predecessor-version":[{"id":170,"href":"https:\/\/legno2.com\/index.php\/wp-json\/wp\/v2\/pages\/160\/revisions\/170"}],"wp:attachment":[{"href":"https:\/\/legno2.com\/index.php\/wp-json\/wp\/v2\/media?parent=160"}],"curies":[{"name":"wp","href":"https:\/\/api.w.org\/{rel}","templated":true}]}}